{"id":1362,"date":"2021-03-25T00:16:01","date_gmt":"2021-03-25T05:16:01","guid":{"rendered":"https:\/\/bomberospelileo.gob.ec\/web\/?page_id=1362"},"modified":"2021-04-22T10:43:54","modified_gmt":"2021-04-22T15:43:54","slug":"concurso-de-meritos-y-oposicion","status":"publish","type":"page","link":"https:\/\/bomberospelileo.gob.ec\/web\/concurso-de-meritos-y-oposicion\/","title":{"rendered":"Concurso de M\u00e9ritos y Oposici\u00f3n"},"content":{"rendered":"\t\t<div data-elementor-type=\"wp-page\" data-elementor-id=\"1362\" class=\"elementor elementor-1362\">\n\t\t\t\t\t\t<section class=\"elementor-section elementor-top-section elementor-element elementor-element-3b19704e elementor-section-boxed elementor-section-height-default elementor-section-height-default\" data-id=\"3b19704e\" data-element_type=\"section\">\n\t\t\t\t\t\t<div class=\"elementor-container elementor-column-gap-default\">\n\t\t\t\t\t<div class=\"elementor-column elementor-col-100 elementor-top-column elementor-element elementor-element-442d8b9\" data-id=\"442d8b9\" data-element_type=\"column\">\n\t\t\t<div class=\"elementor-widget-wrap elementor-element-populated\">\n\t\t\t\t\t\t<div class=\"elementor-element elementor-element-45fdc692 elementor-tabs-alignment-stretch elementor-tabs-view-horizontal elementor-widget elementor-widget-tabs\" data-id=\"45fdc692\" data-element_type=\"widget\" data-widget_type=\"tabs.default\">\n\t\t\t\t<div class=\"elementor-widget-container\">\n\t\t\t\t\t<div class=\"elementor-tabs\">\n\t\t\t<div class=\"elementor-tabs-wrapper\" role=\"tablist\" >\n\t\t\t\t\t\t\t\t\t<div id=\"elementor-tab-title-1171\" class=\"elementor-tab-title elementor-tab-desktop-title\" aria-selected=\"true\" data-tab=\"1\" role=\"tab\" tabindex=\"0\" aria-controls=\"elementor-tab-content-1171\" aria-expanded=\"false\">Concurso de M\u00e9ritos y Oposici\u00f3n 2018<\/div>\n\t\t\t\t\t\t\t<\/div>\n\t\t\t<div class=\"elementor-tabs-content-wrapper\" role=\"tablist\" aria-orientation=\"vertical\">\n\t\t\t\t\t\t\t\t\t<div class=\"elementor-tab-title elementor-tab-mobile-title\" aria-selected=\"true\" data-tab=\"1\" role=\"tab\" tabindex=\"0\" aria-controls=\"elementor-tab-content-1171\" aria-expanded=\"false\">Concurso de M\u00e9ritos y Oposici\u00f3n 2018<\/div>\n\t\t\t\t\t<div id=\"elementor-tab-content-1171\" class=\"elementor-tab-content elementor-clearfix\" data-tab=\"1\" role=\"tabpanel\" aria-labelledby=\"elementor-tab-title-1171\" tabindex=\"0\" hidden=\"false\"><div><center><img decoding=\"async\" src=\"https:\/\/bomberospelileo.gob.ec\/web\/wp-content\/uploads\/2021\/04\/LEY-DE-TRANSPARENCIA-2019.png\" \/><\/center><center><\/center><\/div><div style=\"text-align: left;\"><strong>FINALIZADO<\/strong><\/div><ul><li><strong>SECRETARIA\/O GENERAL<\/strong><ul><li><span style=\"color: #000000;\">Listado de postulantes aprobados para presentarse a evaluaciones:<\/span> <a href=\"https:\/\/drive.google.com\/file\/d\/0B1f5ya6ckkWMRGtjZU54VWdmWkdIUWRIRW5Cc0xmSklYTDJF\/view\" target=\"_blank\" rel=\"noopener\">Descargar<\/a><\/li><li><span style=\"color: #000000;\">Listado de postulantes aprobados para presentarse a entrevistas: <a href=\"https:\/\/drive.google.com\/open?id=0B1f5ya6ckkWMUTJSVldjUk83RE9SZUlGYTdxak9iWlNrTGdz\" target=\"_blank\" rel=\"noopener\">Descargar<\/a><\/span><\/li><\/ul><\/li><li><strong>ANALISTA DE COMPRAS P\u00daBLICAS.<\/strong><ul><li><span style=\"color: #000000;\">PRESENTE SU POSTULACI\u00d3N DESDE EL 16 DE JULIO HASTA EL VIERNES 20 DE JULIO EN LA APLICACI\u00d3N WEB DE <a href=\"http:\/\/www.socioempleo.gob.ec\/\">SOCIO EMPLEO.<\/a><\/span><\/li><li><span style=\"color: #000000;\">Listado de postulantes aprobados para presentarse a evaluaciones:<\/span> <a href=\"https:\/\/drive.google.com\/file\/d\/1bZOIz2JWF-NcKA-Fy4tmgDaJp42IstVl\/view\" target=\"_blank\" rel=\"noopener\">Descargar<\/a><\/li><li><span style=\"color: #000000;\">Listado de postulantes aprobados para presentarse a entrevistas: <a href=\"https:\/\/drive.google.com\/file\/d\/1JoEwFVxnt84XyvjFsg3aXhq4Syh7rIDc\/view\" target=\"_blank\" rel=\"noopener\">Descargar<\/a><\/span><\/li><\/ul><\/li><li><strong>ANALISTA DE TALENTO HU<\/strong><strong>MANO<\/strong><ul><li><span style=\"color: #000000;\">Listado de postulantes aprobados para presentarse a evaluaciones:<\/span> <a href=\"http:\/\/bomberospelileo.gob.ec\/images\/concurso\/CONCURSOS201801.pdf\" target=\"_blank\" rel=\"noopener\">Descargar<\/a><\/li><li><span style=\"color: #000000;\">Listado de postulantes aprobados para presentarse a entrevistas: <a href=\"http:\/\/bomberospelileo.gob.ec\/images\/concurso\/entrevistaTH.pdf\" target=\"_blank\" rel=\"noopener\">Descargar<\/a><\/span><\/li><\/ul><\/li><\/ul><\/div>\n\t\t\t\t\t\t\t<\/div>\n\t\t<\/div>\n\t\t\t\t<\/div>\n\t\t\t\t<\/div>\n\t\t\t\t\t<\/div>\n\t\t<\/div>\n\t\t\t\t\t<\/div>\n\t\t<\/section>\n\t\t\t\t<section class=\"elementor-section elementor-top-section elementor-element elementor-element-7031494 elementor-section-boxed elementor-section-height-default elementor-section-height-default\" data-id=\"7031494\" data-element_type=\"section\">\n\t\t\t\t\t\t<div class=\"elementor-container elementor-column-gap-default\">\n\t\t\t\t\t<div class=\"elementor-column elementor-col-100 elementor-top-column elementor-element elementor-element-5208ad83\" data-id=\"5208ad83\" data-element_type=\"column\">\n\t\t\t<div class=\"elementor-widget-wrap\">\n\t\t\t\t\t\t\t<\/div>\n\t\t<\/div>\n\t\t\t\t\t<\/div>\n\t\t<\/section>\n\t\t\t\t<\/div>\n\t\t","protected":false},"excerpt":{"rendered":"<p>Concurso de M\u00e9ritos y Oposici\u00f3n 2018 Concurso de M\u00e9ritos y Oposici\u00f3n 2018 FINALIZADO SECRETARIA\/O GENERAL Listado de postulantes aprobados para [&hellip;]<\/p>\n","protected":false},"author":1,"featured_media":1842,"parent":0,"menu_order":0,"comment_status":"closed","ping_status":"closed","template":"elementor_header_footer","meta":{"footnotes":""},"class_list":["post-1362","page","type-page","status-publish","has-post-thumbnail","hentry"],"_links":{"self":[{"href":"https:\/\/bomberospelileo.gob.ec\/web\/wp-json\/wp\/v2\/pages\/1362","targetHints":{"allow":["GET"]}}],"collection":[{"href":"https:\/\/bomberospelileo.gob.ec\/web\/wp-json\/wp\/v2\/pages"}],"about":[{"href":"https:\/\/bomberospelileo.gob.ec\/web\/wp-json\/wp\/v2\/types\/page"}],"author":[{"embeddable":true,"href":"https:\/\/bomberospelileo.gob.ec\/web\/wp-json\/wp\/v2\/users\/1"}],"replies":[{"embeddable":true,"href":"https:\/\/bomberospelileo.gob.ec\/web\/wp-json\/wp\/v2\/comments?post=1362"}],"version-history":[{"count":46,"href":"https:\/\/bomberospelileo.gob.ec\/web\/wp-json\/wp\/v2\/pages\/1362\/revisions"}],"predecessor-version":[{"id":2286,"href":"https:\/\/bomberospelileo.gob.ec\/web\/wp-json\/wp\/v2\/pages\/1362\/revisions\/2286"}],"wp:featuredmedia":[{"embeddable":true,"href":"https:\/\/bomberospelileo.gob.ec\/web\/wp-json\/wp\/v2\/media\/1842"}],"wp:attachment":[{"href":"https:\/\/bomberospelileo.gob.ec\/web\/wp-json\/wp\/v2\/media?parent=1362"}],"curies":[{"name":"wp","href":"https:\/\/api.w.org\/{rel}","templated":true}]}}